{"id":7,"date":"2026-02-25T08:29:01","date_gmt":"2026-02-25T07:29:01","guid":{"rendered":"https:\/\/swoi-ksiegowi.pl\/?page_id=7"},"modified":"2026-04-01T13:31:32","modified_gmt":"2026-04-01T11:31:32","slug":"agro-market","status":"publish","type":"page","link":"https:\/\/swoi-ksiegowi.pl\/","title":{"rendered":"swoi-ksiegowi.pl"},"content":{"rendered":"\t\t<div data-elementor-type=\"wp-page\" data-elementor-id=\"7\" class=\"elementor elementor-7\">\n\t\t\t\t<div class=\"elementor-element elementor-element-22cd064 e-flex e-con-boxed e-con e-parent\" data-id=\"22cd064\" data-element_type=\"container\" data-e-type=\"container\" data-settings=\"{&quot;background_background&quot;:&quot;classic&quot;}\">\n\t\t\t\t\t<div class=\"e-con-inner\">\n\t\t\t\t<div class=\"elementor-element elementor-element-6b0ecd2 elementor-widget elementor-widget-heading\" data-id=\"6b0ecd2\" data-element_type=\"widget\" data-e-type=\"widget\" data-widget_type=\"heading.default\">\n\t\t\t\t\t<h1 class=\"elementor-heading-title elementor-size-default\"><a href=\"http:\/\/SWOI-KSIEGOWI.PL\">\nSWOI-KSIEGOWI.PL\n\nsp. z o.o.<br><\/a><\/h1>\t\t\t\t<\/div>\n\t\t\t\t<div class=\"elementor-element elementor-element-1e40348 elementor-widget__width-initial elementor-widget elementor-widget-text-editor\" data-id=\"1e40348\" data-element_type=\"widget\" data-e-type=\"widget\" data-widget_type=\"text-editor.default\">\n\t\t\t\t\t\t\t\t\t<div id=\"content\" class=\"flex flex-wrap w-full\"><div class=\"w-3\/6\"><div class=\"company-full-name-value attribute-value mb-4 inline-flex\"><p id=\"registry-details-row-copy-0\" class=\"p-element registry-details__row__copy ml-3 mobile::hidden\">NIP:8133949316;\u00a0 \u00a0 Regon:544218031;\u00a0 \u00a0 KRS:0001228152<\/p><p>Adres siedziby sp\u00f3\u0142ki:<\/p><\/div><\/div><p>POLSKA, 35-326 RZESZ\u00d3W, AL. TADEUSZA REJTANA 53A LOKAL 202\u00a0 \u00a0 <br \/><strong>Tel.:\u00a0 \u00a0 (+48) 517 750 200;\u00a0 \u00a0 (+48) 661 910 706<\/strong><\/p><\/div>\t\t\t\t\t\t\t\t<\/div>\n\t\t\t\t<div class=\"elementor-element elementor-element-227f8ef elementor-widget-divider--view-line elementor-widget elementor-widget-divider\" data-id=\"227f8ef\" data-element_type=\"widget\" data-e-type=\"widget\" data-widget_type=\"divider.default\">\n\t\t\t\t\t\t\t<div class=\"elementor-divider\">\n\t\t\t<span class=\"elementor-divider-separator\">\n\t\t\t\t\t\t<\/span>\n\t\t<\/div>\n\t\t\t\t\t\t<\/div>\n\t\t\t\t<div class=\"elementor-element elementor-element-1ea906d elementor-widget__width-initial elementor-widget elementor-widget-text-editor\" data-id=\"1ea906d\" data-element_type=\"widget\" data-e-type=\"widget\" data-widget_type=\"text-editor.default\">\n\t\t\t\t\t\t\t\t\t<div id=\"content\" class=\"flex flex-wrap w-full\"><div class=\"w-3\/6\"><div class=\"company-full-name-value attribute-value mb-4 inline-flex\"><p>Zapraszamy do kontaktu telefonicznego <br \/>od poniedzia\u0142ku do pi\u0105tku w godzinach od 10.00 do 17.00<\/p><p>Telefony:\u00a0 \u00a0 <strong>+48 505 565 525;\u00a0 \u00a0 +48 661 910 706;\u00a0 \u00a0 +48 517 750 200;\u00a0 \u00a0 +48 600 150 080<\/strong><\/p><p>lub do kontaktu na adres skrzynki e-mail<strong>:\u00a0 \u00a0 <\/strong><\/p><p><strong>kontakt.swoiksiegowipl@gmail.com\u00a0 \u00a0 <\/strong><strong>lub\u00a0 \u00a0 <\/strong><strong>kontakt@swoi-ksiegowi.pl<\/strong><\/p><\/div><\/div><\/div>\t\t\t\t\t\t\t\t<\/div>\n\t\t\t\t<div class=\"elementor-element elementor-element-9e844ac elementor-widget-divider--view-line elementor-widget elementor-widget-divider\" data-id=\"9e844ac\" data-element_type=\"widget\" data-e-type=\"widget\" data-widget_type=\"divider.default\">\n\t\t\t\t\t\t\t<div class=\"elementor-divider\">\n\t\t\t<span class=\"elementor-divider-separator\">\n\t\t\t\t\t\t<\/span>\n\t\t<\/div>\n\t\t\t\t\t\t<\/div>\n\t\t\t\t<div class=\"elementor-element elementor-element-66ef663 elementor-icon-list--layout-traditional elementor-list-item-link-full_width elementor-widget elementor-widget-icon-list\" data-id=\"66ef663\" data-element_type=\"widget\" data-e-type=\"widget\" data-widget_type=\"icon-list.default\">\n\t\t\t\t\t\t\t<ul class=\"elementor-icon-list-items\">\n\t\t\t\t\t\t\t<li class=\"elementor-icon-list-item\">\n\t\t\t\t\t\t\t\t\t\t\t<a href=\"https:\/\/swoi-ksiegowi.pl\/?page_id=3\">\n\n\t\t\t\t\t\t\t\t\t\t\t<span class=\"elementor-icon-list-text\">Polityka prywatno\u015bci<\/span>\n\t\t\t\t\t\t\t\t\t\t\t<\/a>\n\t\t\t\t\t\t\t\t\t<\/li>\n\t\t\t\t\t\t<\/ul>\n\t\t\t\t\t\t<\/div>\n\t\t\t\t<div class=\"elementor-element elementor-element-7a37cc1 elementor-widget__width-initial elementor-widget elementor-widget-text-editor\" data-id=\"7a37cc1\" data-element_type=\"widget\" data-e-type=\"widget\" data-widget_type=\"text-editor.default\">\n\t\t\t\t\t\t\t\t\t<div>\n<div>\n<div>\n<p>Zapraszamy Pa\u0144stwa do zg\u0142aszania si\u0119 do nas do wsp\u00f3\u0142pracy. <br>Mamy WAKATY oddzia\u0142\u00f3w terenowych w nast\u0119puj\u0105cych wojew\u00f3dztwach i miejscowo\u015bciach:<\/p>\n<div>1) wojew\u00f3dztwo dolno\u015bl\u0105skie: Jelenia G\u00f3ra, Legnica, Wa\u0142brzych, Wroc\u0142aw<\/div>\n<div>2) wojew\u00f3dztwo kujawsko-pomorskie: Bydgoszcz, Grudzi\u0105dz, Toru\u0144, W\u0142oc\u0142awek<\/div>\n<div>3) wojew\u00f3dztwo lubelskie: Bia\u0142a Podlaska, Che\u0142m, Lublin, Zamo\u015b\u0107<\/div>\n<div>4) wojew\u00f3dztwo lubuskie: Gorz\u00f3w, Zielona G\u00f3ra<\/div>\n<div>5) wojew\u00f3dztwo \u0142\u00f3dzkie: \u0141\u00f3d\u017a, Piotrk\u00f3w Trybunalski, Skierniewice<\/div>\n<div>6) wojew\u00f3dztwo ma\u0142opolskie: Krak\u00f3w, Nowy S\u0105cz, Tarn\u00f3w<\/div>\n<div>7) wojew\u00f3dztwo mazowieckie: Ostro\u0142\u0119ka, P\u0142ock, Radom, Siedlce, Warszawa<\/div>\n<div>8) wojew\u00f3dztwo opolskie: Brzeg, K\u0119dzierzyn-Ko\u017ale, Kluczbork, Nysa, Opole<\/div>\n<div>9) wojew\u00f3dztwo podkarpackie: Krosno, Przemy\u015bl, Rzesz\u00f3w, Tarnobrzeg<\/div>\n<div>10) wojew\u00f3dztwo podlaskie: Bia\u0142ystok, \u0141om\u017ca, Suwa\u0142ki<\/div>\n<div>11) wojew\u00f3dztwo pomorskie: Gda\u0144sk, Gdynia, S\u0142upsk, Sopot<\/div>\n<div>12) wojew\u00f3dztwo \u015bl\u0105skie: Bielsko-Bia\u0142a, Bytom, Chorz\u00f3w, Cz\u0119stochowa, D\u0105browa G\u00f3rnicza, Gliwice, Jastrz\u0119bie-Zdr\u00f3j, Jaworzno, Katowice, Mys\u0142owice, Piekary \u015al\u0105skie, Ruda \u015al\u0105ska, Rybnik, Siemianowice \u015al\u0105skie, Sosnowiec, \u015awi\u0119toch\u0142owice, Tychy, Zabrze, \u017bory<\/div>\n<div>13) wojew\u00f3dztwo \u015bwi\u0119tokrzyskie: Kielce, Ko\u0144skie, Ostrowiec \u015awi\u0119tokrzyski, Sandomierz, Skar\u017cysko-Kamienna, Starachowice<\/div>\n<div>14) wojew\u00f3dztwo warmi\u0144sko-mazurskie: Elbl\u0105g, E\u0142k, Gi\u017cycko, I\u0142awa, Olsztyn, Ostruda<\/div>\n<div>15) wojew\u00f3dztwo wielkopolskie: Gniezno, Kalisz, Konin, Leszno, Ostr\u00f3w wielkopolski, Pi\u0142a, Pozna\u0144<\/div>\n<div>16) wojew\u00f3dztwo zachodniopomorskie: Koszalin, Ko\u0142obrzeg, Stargard, \u015awinouj\u015bcie, Szczecin, Szczecinek<\/div>\n<\/div>\n<div>&nbsp;<\/div>\n<\/div>\n<div>\n<div>\n<div>Oddzia\u0142y terenowe:&nbsp;<\/div>\n<div>Wojew\u00f3dztwo opolskie: SWOI-KSIEGOWI.PL SP. Z O.O. ODDZIA\u0141 W GRODKOWIE<\/div><div>\n<div>POLSKA, 49-200 GRODK\u00d3W, ul. BOLES\u0141AWA PRUSA 18,&nbsp; &nbsp; Tel. (<strong>+48) 661 910 706<\/strong><\/div>\n<\/div>\n<div>&nbsp;<\/div>\n<\/div>\n<\/div>\n<\/div>\t\t\t\t\t\t\t\t<\/div>\n\t\t\t\t\t<\/div>\n\t\t\t\t<\/div>\n\t\t<div class=\"elementor-element elementor-element-0d1f026 e-flex e-con-boxed e-con e-parent\" data-id=\"0d1f026\" data-element_type=\"container\" data-e-type=\"container\">\n\t\t\t\t\t<div class=\"e-con-inner\">\n\t\t\t\t<div class=\"elementor-element elementor-element-9ccda5c elementor-widget elementor-widget-text-editor\" data-id=\"9ccda5c\" data-element_type=\"widget\" data-e-type=\"widget\" data-widget_type=\"text-editor.default\">\n\t\t\t\t\t\t\t\t\t<p>Lorem ipsum dolor sit amet, consectetur adipiscing elit. Ut elit tellus, luctus nec ullamcorper mattis, pulvinar dapibus leo.<\/p>\t\t\t\t\t\t\t\t<\/div>\n\t\t\t\t\t<\/div>\n\t\t\t\t<\/div>\n\t\t\t\t<\/div>\n\t\t","protected":false},"excerpt":{"rendered":"<p>SWOI-KSIEGOWI.PL sp. z o.o. NIP:8133949316;\u00a0 \u00a0 Regon:544218031;\u00a0 \u00a0 KRS:0001228152 Adres siedziby sp\u00f3\u0142ki: POLSKA, 35-326 RZESZ\u00d3W, AL. TADEUSZA REJTANA 53A LOKAL 202\u00a0 \u00a0 Tel.:\u00a0 \u00a0 (+48) 517 750 200;\u00a0 \u00a0 (+48) 661 910 706 Zapraszamy do kontaktu telefonicznego od poniedzia\u0142ku do pi\u0105tku w godzinach od 10.00 do 17.00 Telefony:\u00a0 \u00a0 +48 505 565 525;\u00a0 \u00a0 +48 [&hellip;]<\/p>\n","protected":false},"author":1,"featured_media":0,"parent":0,"menu_order":0,"comment_status":"closed","ping_status":"closed","template":"elementor_theme","meta":{"footnotes":""},"class_list":["post-7","page","type-page","status-publish","hentry"],"_links":{"self":[{"href":"https:\/\/swoi-ksiegowi.pl\/index.php?rest_route=\/wp\/v2\/pages\/7","targetHints":{"allow":["GET"]}}],"collection":[{"href":"https:\/\/swoi-ksiegowi.pl\/index.php?rest_route=\/wp\/v2\/pages"}],"about":[{"href":"https:\/\/swoi-ksiegowi.pl\/index.php?rest_route=\/wp\/v2\/types\/page"}],"author":[{"embeddable":true,"href":"https:\/\/swoi-ksiegowi.pl\/index.php?rest_route=\/wp\/v2\/users\/1"}],"replies":[{"embeddable":true,"href":"https:\/\/swoi-ksiegowi.pl\/index.php?rest_route=%2Fwp%2Fv2%2Fcomments&post=7"}],"version-history":[{"count":158,"href":"https:\/\/swoi-ksiegowi.pl\/index.php?rest_route=\/wp\/v2\/pages\/7\/revisions"}],"predecessor-version":[{"id":207,"href":"https:\/\/swoi-ksiegowi.pl\/index.php?rest_route=\/wp\/v2\/pages\/7\/revisions\/207"}],"wp:attachment":[{"href":"https:\/\/swoi-ksiegowi.pl\/index.php?rest_route=%2Fwp%2Fv2%2Fmedia&parent=7"}],"curies":[{"name":"wp","href":"https:\/\/api.w.org\/{rel}","templated":true}]}}